{"id":403,"date":"2022-03-04T10:34:06","date_gmt":"2022-03-04T09:34:06","guid":{"rendered":"http:\/\/geisler-feuerschutz.de\/?page_id=403"},"modified":"2022-03-04T10:45:21","modified_gmt":"2022-03-04T09:45:21","slug":"rwa-und-sonstiges","status":"publish","type":"page","link":"http:\/\/geisler-feuerschutz.de\/?page_id=403","title":{"rendered":"RWA"},"content":{"rendered":"<div id=\"pl-403\"  class=\"panel-layout\" ><div id=\"pg-403-0\"  class=\"panel-grid panel-no-style\" ><div id=\"pgc-403-0-0\"  class=\"panel-grid-cell panel-grid-cell-empty\" ><\/div><div id=\"pgc-403-0-1\"  class=\"panel-grid-cell\" ><div id=\"panel-403-0-1-0\" class=\"so-panel widget widget_sow-editor panel-first-child panel-last-child\" data-index=\"0\" ><div\n\t\t\t\n\t\t\tclass=\"so-widget-sow-editor so-widget-sow-editor-base\"\n\t\t\t\n\t\t>\n<div class=\"siteorigin-widget-tinymce textwidget\">\n\t<table border=\"0\" width=\"575\" cellspacing=\"0\" cellpadding=\"0\">\n<tbody>\n<tr>\n<td valign=\"top\" width=\"51\"><span class=\"bluebold\">RWA<\/span><\/td>\n<td valign=\"top\" width=\"4\"><img decoding=\"async\" loading=\"lazy\" src=\"https:\/\/www.fvlr.de\/images\/blind.gif\" width=\"3\" height=\"1\" \/><\/td>\n<td class=\"fliesstext\" width=\"520\">Der Oberbegriff bezeichnet eine komplette\u00a0<b class=\"bluebold\">Rauch- und W\u00e4rmeabzugsanlage<\/b>, die sich aus den einzelnen Rauch- und W\u00e4rmeabzugsger\u00e4ten (RWG), den Ausl\u00f6se- und Bedienelementen, der Energieversorgung, den Leitungen, der Zuluftversorgung und bei gr\u00f6\u00dferen R\u00e4umen den Rauchsch\u00fcrzen zusammensetzt.<\/td>\n<\/tr>\n<\/tbody>\n<\/table>\n<\/div>\n<\/div><\/div><\/div><div id=\"pgc-403-0-2\"  class=\"panel-grid-cell panel-grid-cell-empty panel-grid-cell-mobile-last\" ><\/div><div id=\"pgc-403-0-3\"  class=\"panel-grid-cell panel-grid-cell-empty\" ><\/div><\/div><\/div>","protected":false},"excerpt":{"rendered":"<p>RWA Der Oberbegriff bezeichnet eine komplette\u00a0Rauch- und W\u00e4rmeabzugsanlage, die sich [&hellip;]<\/p>\n","protected":false},"author":1,"featured_media":0,"parent":0,"menu_order":0,"comment_status":"closed","ping_status":"closed","template":"","meta":[],"_links":{"self":[{"href":"http:\/\/geisler-feuerschutz.de\/index.php?rest_route=\/wp\/v2\/pages\/403"}],"collection":[{"href":"http:\/\/geisler-feuerschutz.de\/index.php?rest_route=\/wp\/v2\/pages"}],"about":[{"href":"http:\/\/geisler-feuerschutz.de\/index.php?rest_route=\/wp\/v2\/types\/page"}],"author":[{"embeddable":true,"href":"http:\/\/geisler-feuerschutz.de\/index.php?rest_route=\/wp\/v2\/users\/1"}],"replies":[{"embeddable":true,"href":"http:\/\/geisler-feuerschutz.de\/index.php?rest_route=%2Fwp%2Fv2%2Fcomments&post=403"}],"version-history":[{"count":6,"href":"http:\/\/geisler-feuerschutz.de\/index.php?rest_route=\/wp\/v2\/pages\/403\/revisions"}],"predecessor-version":[{"id":418,"href":"http:\/\/geisler-feuerschutz.de\/index.php?rest_route=\/wp\/v2\/pages\/403\/revisions\/418"}],"wp:attachment":[{"href":"http:\/\/geisler-feuerschutz.de\/index.php?rest_route=%2Fwp%2Fv2%2Fmedia&parent=403"}],"curies":[{"name":"wp","href":"https:\/\/api.w.org\/{rel}","templated":true}]}}